{"id":150,"date":"2014-06-11T19:18:21","date_gmt":"2014-06-11T19:18:21","guid":{"rendered":"http:\/\/www.noarepresentante.com.br\/?page_id=150"},"modified":"2022-01-25T18:14:57","modified_gmt":"2022-01-25T18:14:57","slug":"cabelo-comercio-de-pecas-para-motos-ltda-me-demtec-duas-barras-levorin-torbal","status":"publish","type":"page","link":"http:\/\/www.noarepresentante.com.br\/?page_id=150","title":{"rendered":"CABELO COM\u00c9RCIO DE PE\u00c7AS PARA MOTOS LTDA-ME"},"content":{"rendered":"<p>Cidade: S\u00e3o Paulo<\/p>\n<p>Endere\u00e7o: Estrada do Rivieira, 112 &#8211; Parque Figueira Grande<\/p>\n<p>CEP: 04916-000<\/p>\n<p>Fone: (11) 5891-6677<\/p>\n<p>Email: kabelomotossp@gmail.com<\/p>\n","protected":false},"excerpt":{"rendered":"<p>Cidade: S\u00e3o Paulo Endere\u00e7o: Estrada do Rivieira, 112 &#8211; Parque Figueira Grande CEP: 04916-000 Fone: (11) 5891-6677 Email: kabelomotossp@gmail.com<\/p>\n","protected":false},"author":1,"featured_media":0,"parent":0,"menu_order":208,"comment_status":"closed","ping_status":"closed","template":"","meta":[],"_links":{"self":[{"href":"http:\/\/www.noarepresentante.com.br\/index.php?rest_route=\/wp\/v2\/pages\/150"}],"collection":[{"href":"http:\/\/www.noarepresentante.com.br\/index.php?rest_route=\/wp\/v2\/pages"}],"about":[{"href":"http:\/\/www.noarepresentante.com.br\/index.php?rest_route=\/wp\/v2\/types\/page"}],"author":[{"embeddable":true,"href":"http:\/\/www.noarepresentante.com.br\/index.php?rest_route=\/wp\/v2\/users\/1"}],"replies":[{"embeddable":true,"href":"http:\/\/www.noarepresentante.com.br\/index.php?rest_route=%2Fwp%2Fv2%2Fcomments&post=150"}],"version-history":[{"count":2,"href":"http:\/\/www.noarepresentante.com.br\/index.php?rest_route=\/wp\/v2\/pages\/150\/revisions"}],"predecessor-version":[{"id":1258,"href":"http:\/\/www.noarepresentante.com.br\/index.php?rest_route=\/wp\/v2\/pages\/150\/revisions\/1258"}],"wp:attachment":[{"href":"http:\/\/www.noarepresentante.com.br\/index.php?rest_route=%2Fwp%2Fv2%2Fmedia&parent=150"}],"curies":[{"name":"wp","href":"https:\/\/api.w.org\/{rel}","templated":true}]}}